{"id":990,"date":"2015-12-16T11:14:11","date_gmt":"2015-12-16T10:14:11","guid":{"rendered":"http:\/\/odour.media-kanjers.nl\/?page_id=990"},"modified":"2026-01-29T10:07:35","modified_gmt":"2026-01-29T09:07:35","slug":"uber-uns","status":"publish","type":"page","link":"https:\/\/www.odourbalance.nl\/de\/uber-uns\/","title":{"rendered":"\u00dcber uns"},"content":{"rendered":"<div class=\"mk_sectie header nopadding volledige_breedte \"\n          >\n     \n      \n            <div class=\"mk_rij mk_rij_kolom_1\"\n                >\n    \n                \n        <div class=\"mk_kolom mk_kolom_1 mk_kolom_1_1\"\n                  >\n                \n            \n      \t<div class=\"mk_module mk_afbeelding\">\n      <div class=\"mk_afbeelding_inner\">\n\n\t<img decoding=\"async\"  \n      src=\"https:\/\/www.odourbalance.nl\/wp-content\/uploads\/2023\/07\/header-over-ons_2023.jpg\" \n      alt=\"\" titel=\"header-over-ons_2023\"\n      \n    >      <\/div>\n    <\/div> <!-- mk_module -->\n  \n      \n      \n              <\/div>\n          <\/div> <!-- mk_rij -->\n        \n          <\/div> <!-- mk_sectie -->\n      <div  id=\"onsteam\"class=\"mk_sectie blauw center\"\n          >\n     \n      \n            <div class=\"mk_rij mk_rij_kolom_1\"\n                >\n    \n                \n        <div class=\"mk_kolom mk_kolom_1 mk_kolom_1_1\"\n                  >\n                \n            \n      \t<div class=\"mk_module mk_tekst\">\n      <div class=\"mk_tekst_inner\">\n<p><h2>Unser team<\/h2>\n<h3>Wir stehen f\u00fcr ihr bereit<\/h3>\n<\/p>\n<\/div>\n    <\/div> <!-- mk_module -->\n  \n      \n      \n              <\/div>\n          <\/div> <!-- mk_rij -->\n      <div class=\"mk_rij mk_rij_kolom_1\"\n                >\n    \n                \n        <div class=\"mk_kolom mk_kolom_1 mk_kolom_1_1\"\n                  >\n                \n            \n      \t<div class=\"mk_module mk_code\">\n      <div class=\"mk_code_inner\">\n\t\n\n\n<div id=\"wpv-view-layout-1344\" class=\"js-wpv-view-layout js-wpv-layout-responsive js-wpv-view-layout-1344\" data-viewnumber=\"1344\" data-pagination=\"{&quot;id&quot;:1344,&quot;query&quot;:&quot;normal&quot;,&quot;type&quot;:&quot;disabled&quot;,&quot;effect&quot;:&quot;fade&quot;,&quot;duration&quot;:500,&quot;speed&quot;:5,&quot;pause_on_hover&quot;:&quot;disabled&quot;,&quot;stop_rollover&quot;:&quot;false&quot;,&quot;cache_pages&quot;:&quot;enabled&quot;,&quot;preload_images&quot;:&quot;enabled&quot;,&quot;preload_pages&quot;:&quot;enabled&quot;,&quot;preload_reach&quot;:1,&quot;spinner&quot;:&quot;builtin&quot;,&quot;spinner_image&quot;:&quot;https:\/\/www.odourbalance.nl\/wp-content\/plugins\/wp-views\/embedded\/res\/img\/ajax-loader.gif&quot;,&quot;callback_next&quot;:&quot;&quot;,&quot;manage_history&quot;:&quot;enabled&quot;,&quot;has_controls_in_form&quot;:&quot;disabled&quot;,&quot;infinite_tolerance&quot;:&quot;0&quot;,&quot;max_pages&quot;:0,&quot;page&quot;:1,&quot;base_permalink&quot;:&quot;\/de\/wp-json\/wp\/v2\/pages\/990?wpv_view_count=1344&amp;wpv_paged=WPV_PAGE_NUM&quot;,&quot;loop&quot;:{&quot;type&quot;:&quot;&quot;,&quot;name&quot;:&quot;&quot;,&quot;data&quot;:[],&quot;id&quot;:0}}\" data-permalink=\"\/de\/wp-json\/wp\/v2\/pages\/990?wpv_view_count=1344\">\n\n\t\n\t\n<div class=\"medewerker-view\">\n\t\t\n          <div class=\"medewerker-item\">\n            <div class=\"afbeelding\"><img decoding=\"async\" src=\"https:\/\/www.odourbalance.nl\/wp-content\/uploads\/2019\/03\/20241213J_0020.jpg\"><\/div>\n            <div class=\"inner_txt\">\n              <div class=\"naam\">Niels Sevensma<\/div>\n              <div class=\"functie\">Sales<\/div>\n              <div class=\"email\"><a href=\"mailto:n.sevensma@odourbalance.com\">n.sevensma@odourbalance.com<\/a><\/div>\n              <div class=\"telefoon\"><a href=\"tel:+31(0)6 3085 1065\">+31(0)6 3085 1065<\/a><\/div>\n            <\/div>\n            \n          <\/div>    \n\t\t\n          <div class=\"medewerker-item\">\n            <div class=\"afbeelding\"><img decoding=\"async\" src=\"https:\/\/www.odourbalance.nl\/wp-content\/uploads\/2019\/03\/20241213J_0086.jpg\"><\/div>\n            <div class=\"inner_txt\">\n              <div class=\"naam\">Erwin de Valk<\/div>\n              <div class=\"functie\">R&D<\/div>\n              <div class=\"email\"><a href=\"mailto:erwin@odourbalance.com\">erwin@odourbalance.com<\/a><\/div>\n              <div class=\"telefoon\"><a href=\"tel:+31(0)6 1034 5483\">+31(0)6 1034 5483<\/a><\/div>\n            <\/div>\n            \n          <\/div>    \n\t\t\n          <div class=\"medewerker-item\">\n            <div class=\"afbeelding\"><img decoding=\"async\" src=\"https:\/\/www.odourbalance.nl\/wp-content\/uploads\/2019\/03\/20241213J_0416.jpg\"><\/div>\n            <div class=\"inner_txt\">\n              <div class=\"naam\">Richard Kuipers<\/div>\n              <div class=\"functie\">Engineering<\/div>\n              <div class=\"email\"><a href=\"mailto:richard@odourbalance.com\">richard@odourbalance.com<\/a><\/div>\n              <div class=\"telefoon\"><a href=\"tel:+31(0)6 5315 1688\">+31(0)6 5315 1688<\/a><\/div>\n            <\/div>\n            \n          <\/div>    \n\t\t\n          <div class=\"medewerker-item\">\n            <div class=\"afbeelding\"><img decoding=\"async\" src=\"https:\/\/www.odourbalance.nl\/wp-content\/uploads\/2020\/08\/20241213J_0199.jpg\"><\/div>\n            <div class=\"inner_txt\">\n              <div class=\"naam\">Martijn Bouwmeesters<\/div>\n              <div class=\"functie\">Project Manager<\/div>\n              <div class=\"email\"><a href=\"mailto:martijn@odourbalance.com\">martijn@odourbalance.com<\/a><\/div>\n              <div class=\"telefoon\"><a href=\"tel:+31(0)6 2832 0823\">+31(0)6 2832 0823<\/a><\/div>\n            <\/div>\n            \n          <\/div>    \n\t\t\n          <div class=\"medewerker-item\">\n            <div class=\"afbeelding\"><img decoding=\"async\" src=\"https:\/\/www.odourbalance.nl\/wp-content\/uploads\/2021\/10\/20241213J_0287.jpg\"><\/div>\n            <div class=\"inner_txt\">\n              <div class=\"naam\">Thiemo Westerhof<\/div>\n              <div class=\"functie\">Engineer<\/div>\n              <div class=\"email\"><a href=\"mailto:thiemo@odourbalance.com\">thiemo@odourbalance.com<\/a><\/div>\n              <div class=\"telefoon\"><a href=\"tel:+31(0)6 4340 4346\">+31(0)6 4340 4346<\/a><\/div>\n            <\/div>\n            \n          <\/div>    \n\t\t\n          <div class=\"medewerker-item\">\n            <div class=\"afbeelding\"><img decoding=\"async\" src=\"https:\/\/www.odourbalance.nl\/wp-content\/uploads\/2025\/06\/20250228J_0017.jpg\"><\/div>\n            <div class=\"inner_txt\">\n              <div class=\"naam\">Renze Scholten<\/div>\n              <div class=\"functie\">Work Planner<\/div>\n              <div class=\"email\"><a href=\"mailto:renze@odourbalance.com\">renze@odourbalance.com<\/a><\/div>\n              <div class=\"telefoon\"><a href=\"tel:+31 (0)6 43 25 14 27\">+31 (0)6 43 25 14 27<\/a><\/div>\n            <\/div>\n            \n          <\/div>    \n\t\t\n          <div class=\"medewerker-item\">\n            <div class=\"afbeelding\"><img decoding=\"async\" src=\"https:\/\/www.odourbalance.nl\/wp-content\/uploads\/2026\/01\/20241213J_0350.jpg\"><\/div>\n            <div class=\"inner_txt\">\n              <div class=\"naam\">Kim Bos<\/div>\n              <div class=\"functie\">Consultant<\/div>\n              <div class=\"email\"><a href=\"mailto:kim@odourbalance.com\">kim@odourbalance.com<\/a><\/div>\n              <div class=\"telefoon\"><a href=\"tel:+31 (0)6 38 23 08 86\">+31 (0)6 38 23 08 86<\/a><\/div>\n            <\/div>\n            \n          <\/div>    \n\t\t\n          <div class=\"medewerker-item\">\n            <div class=\"afbeelding\"><img decoding=\"async\" src=\"https:\/\/www.odourbalance.nl\/wp-content\/uploads\/2021\/04\/20241213J_0385.jpg\"><\/div>\n            <div class=\"inner_txt\">\n              <div class=\"naam\">Wijnand van de Werfhorst<\/div>\n              <div class=\"functie\">Consultant<\/div>\n              <div class=\"email\"><a href=\"mailto:wijnand@odourbalance.com\">wijnand@odourbalance.com<\/a><\/div>\n              <div class=\"telefoon\"><a href=\"tel:+31(0)6 3984 0312\">+31(0)6 3984 0312<\/a><\/div>\n            <\/div>\n            \n          <\/div>    \n\t\t\n          <div class=\"medewerker-item\">\n            <div class=\"afbeelding\"><img decoding=\"async\" src=\"https:\/\/www.odourbalance.nl\/wp-content\/uploads\/2026\/02\/20260204A_0085.jpg\"><\/div>\n            <div class=\"inner_txt\">\n              <div class=\"naam\">Szilard F\u00fcl\u00f6p<\/div>\n              <div class=\"functie\">Field Engineer<\/div>\n              <div class=\"email\"><a href=\"mailto:\"><\/a><\/div>\n              <div class=\"telefoon\"><a href=\"tel:\"><\/a><\/div>\n            <\/div>\n            \n          <\/div>    \n\t\t\n          <div class=\"medewerker-item\">\n            <div class=\"afbeelding\"><img decoding=\"async\" src=\"https:\/\/www.odourbalance.nl\/wp-content\/uploads\/2020\/05\/20241213J_0070.jpg\"><\/div>\n            <div class=\"inner_txt\">\n              <div class=\"naam\">Iris Blom<\/div>\n              <div class=\"functie\">Back Office & Finance<\/div>\n              <div class=\"email\"><a href=\"mailto:iris@odourbalance.com\">iris@odourbalance.com<\/a><\/div>\n              <div class=\"telefoon\"><a href=\"tel:+31(0)6 2837 5806\">+31(0)6 2837 5806<\/a><\/div>\n            <\/div>\n            \n          <\/div>    \n\t\t\n          <div class=\"medewerker-item\">\n            <div class=\"afbeelding\"><img decoding=\"async\" src=\"https:\/\/www.odourbalance.nl\/wp-content\/uploads\/2024\/02\/20241213J_0154.jpg\"><\/div>\n            <div class=\"inner_txt\">\n              <div class=\"naam\">Marloes Everink<\/div>\n              <div class=\"functie\"><\/div>\n              <div class=\"email\"><a href=\"mailto:marloes@odourbalance.com\">marloes@odourbalance.com<\/a><\/div>\n              <div class=\"telefoon\"><a href=\"tel:+31 (0)6 34 13 61 00\">+31 (0)6 34 13 61 00<\/a><\/div>\n            <\/div>\n            \n          <\/div>    \n\t\t\n          <div class=\"medewerker-item\">\n            <div class=\"afbeelding\"><img decoding=\"async\" src=\"https:\/\/www.odourbalance.nl\/wp-content\/uploads\/2025\/12\/20251209J_0052.jpg\"><\/div>\n            <div class=\"inner_txt\">\n              <div class=\"naam\">Sytske Sevensma<\/div>\n              <div class=\"functie\"><\/div>\n              <div class=\"email\"><a href=\"mailto:\"><\/a><\/div>\n              <div class=\"telefoon\"><a href=\"tel:\"><\/a><\/div>\n            <\/div>\n            \n          <\/div>    \n\t\t\n          <div class=\"medewerker-item\">\n            <div class=\"afbeelding\"><img decoding=\"async\" src=\"https:\/\/www.odourbalance.nl\/wp-content\/uploads\/2020\/05\/20250228J_0070.jpg\"><\/div>\n            <div class=\"inner_txt\">\n              <div class=\"naam\">Dennis Kuiper<\/div>\n              <div class=\"functie\">Field Engineer<\/div>\n              <div class=\"email\"><a href=\"mailto:\"><\/a><\/div>\n              <div class=\"telefoon\"><a href=\"tel:\"><\/a><\/div>\n            <\/div>\n            \n          <\/div>    \n\t\t\n          <div class=\"medewerker-item\">\n            <div class=\"afbeelding\"><img decoding=\"async\" src=\"https:\/\/www.odourbalance.nl\/wp-content\/uploads\/2020\/11\/20241213J_0436.jpg\"><\/div>\n            <div class=\"inner_txt\">\n              <div class=\"naam\">Wiljo Tolkamp<\/div>\n              <div class=\"functie\">Field Engineer<\/div>\n              <div class=\"email\"><a href=\"mailto:\"><\/a><\/div>\n              <div class=\"telefoon\"><a href=\"tel:\"><\/a><\/div>\n            <\/div>\n            \n          <\/div>    \n\t\t\n<\/div>\n\t\n\t\n\t\n<\/div>\n      <\/div>\n    <\/div> <!-- mk_module -->\n  \n      \n      \n              <\/div>\n          <\/div> <!-- mk_rij -->\n        \n          <\/div> <!-- mk_sectie -->\n      <div class=\"mk_sectie\"\n          >\n     \n      \n            <div class=\"mk_rij mk_rij_kolom_2\"\n                >\n    \n                \n        <div class=\"mk_kolom mk_kolom_2 mk_kolom_1_2\"\n                  >\n                \n            \n      \t<div class=\"mk_module mk_tekst\">\n      <div class=\"mk_tekst_inner\">\n<h5><strong>Geschichte<\/strong><\/h5>\n<p>Odour Balance ist aus einem Kompostierungsunternehmen entstanden, in dem eine der Aktivit\u00e4ten darin bestand, organische Materialien wie z.B. Baumwurzeln in Bio-Filtermedien umzuwandeln. Aufgrund unserer umfangreichen Kenntnisse \u00fcber organische Materialien nahm die Produktion der Biofiltermedien zu und haben wir so immer mehr Erfahrungen mit Bio-Filtration erworben. Das Angebot an unsere Kunden, die neuen Filtermedien einzubauen, bedeutete die ersten Schritte in Richtung der Beratung und selbst des Verkaufs kompletter neuer Installationen oder Teilinstallationen. Auch die Reparatur von Bio-Filterkomponenten wie z.B. B\u00f6den und die Reinigung von Druckkammern geh\u00f6rten zum Service. Seit 2009 wurden dieses Wissen und unsere Erfahrung in einem separaten Unternehmen unter dem Namen Odour Balance untergebracht, das jetzt komplette L\u00f6sungen f\u00fcr die Geruchs-Kontrolle, Service und Wartung anbietet.<\/p>\n<\/div>\n    <\/div> <!-- mk_module -->\n            <\/div>  \n\n    \n    <div class=\"mk_kolom mk_kolom_2 mk_kolom_1_2\"\n        >\n      \n        \t<div class=\"mk_module mk_afbeelding\">\n      <div class=\"mk_afbeelding_inner\">\n\n\t<img decoding=\"async\"  \n      src=\"https:\/\/www.odourbalance.nl\/wp-content\/uploads\/2023\/07\/Geschiedenis_2023.jpg\" \n      alt=\"\" titel=\"Geschiedenis_2023\"\n      \n    >      <\/div>\n    <\/div> <!-- mk_module -->\n  \n      \n      \n              <\/div>\n          <\/div> <!-- mk_rij -->\n        \n          <\/div> <!-- mk_sectie -->\n      <div class=\"mk_sectie blauw\"\n          >\n     \n      \n            <div class=\"mk_rij mk_rij_kolom_2\"\n                >\n    \n                \n        <div class=\"mk_kolom mk_kolom_2 mk_kolom_1_2\"\n                  >\n                \n            \n      \t<div class=\"mk_module mk_afbeelding\">\n      <div class=\"mk_afbeelding_inner\">\n\n\t<img decoding=\"async\"  \n      src=\"https:\/\/www.odourbalance.nl\/wp-content\/uploads\/2023\/07\/Totaal-leverancier.jpg\" \n      alt=\"\" titel=\"Totaal leverancier\"\n      \n    >      <\/div>\n    <\/div> <!-- mk_module -->\n            <\/div>  \n\n    \n    <div class=\"mk_kolom mk_kolom_2 mk_kolom_1_2\"\n        >\n      \n        \t<div class=\"mk_module mk_tekst\">\n      <div class=\"mk_tekst_inner\">\n<h5><strong> Gesamtkonzept zur Beseitigung \u00fcbler Ger\u00fcche<br \/><\/strong><\/h5>\n<p>Die Gesellschaft stellt hohe Anforderungen an unsere Lebensr\u00e4ume. Das ist der Grund, aus dem die Wirtschaft und Beh\u00f6rden mit immer mehr Anforderungen konfrontiert werden, auch im Bereich der schlechten Ger\u00fcche. Die Regierung versch\u00e4rft diese Anforderungen sogar noch weiter. Im Zuge dieser Entwicklungen ist eine einfache L\u00f6sung mit durchschnittlichem Resultat oft nicht mehr ausreichend. Garantierte Geruchsbeseitigung wird gefordert. Dadurch steigt die Nachfrage nach intelligenten und erprobten Technologien sowie nach Wartung und Warnsystemen.<\/p>\n<p>Odour Balance<sup>\u00ae<\/sup> kombiniert Erfahrung mit erprobten Technologien, was sich in fundierter Beratung und der Installation kompletter Luftbehandlungs Systeme sowie Management und Wartung solcher Systeme zeigt.<\/p>\n<p>Bei diesen Systemen werden im Prinzip zwei Techniken unterschieden. Das eine System arbeitet mithilfe der Bio-Filtration, w\u00e4hrend das andere System auf einem biochemischen Prozess basiert.<\/p>\n<\/div>\n    <\/div> <!-- mk_module -->\n  \n      \n      \n              <\/div>\n          <\/div> <!-- mk_rij -->\n        \n          <\/div> <!-- mk_sectie -->\n  ","protected":false},"excerpt":{"rendered":"<p>Unser team Wir stehen f\u00fcr ihr bereit Geschichte Odour Balance ist aus einem Kompostierungsunternehmen entstanden, in dem eine der Aktivit\u00e4ten darin bestand, organische Materialien wie z.B. Baumwurzeln in Bio-Filtermedien umzuwandeln. Aufgrund unserer umfangreichen Kenntnisse \u00fcber organische Materialien nahm die Produktion der Biofiltermedien zu und haben wir so immer mehr Erfahrungen mit Bio-Filtration erworben. Das Angebot [&hellip;]<\/p>\n","protected":false},"author":1,"featured_media":0,"parent":0,"menu_order":0,"comment_status":"closed","ping_status":"closed","template":"","meta":{"_acf_changed":false,"_exactmetrics_skip_tracking":false,"_exactmetrics_sitenote_active":false,"_exactmetrics_sitenote_note":"","_exactmetrics_sitenote_category":0,"footnotes":""},"class_list":["post-990","page","type-page","status-publish","hentry"],"acf":[],"yoast_head":"<!-- This site is optimized with the Yoast SEO plugin v27.5 - https:\/\/yoast.com\/product\/yoast-seo-wordpress\/ -->\n<title>\u00dcber uns - Odour Balance<\/title>\n<meta name=\"robots\" content=\"index, follow, max-snippet:-1, max-image-preview:large, max-video-preview:-1\" \/>\n<link rel=\"canonical\" href=\"https:\/\/www.odourbalance.nl\/de\/uber-uns\/\" \/>\n<meta property=\"og:locale\" content=\"de_DE\" \/>\n<meta property=\"og:type\" content=\"article\" \/>\n<meta property=\"og:title\" content=\"\u00dcber uns - Odour Balance\" \/>\n<meta property=\"og:description\" content=\"Unser team Wir stehen f\u00fcr ihr bereit Geschichte Odour Balance ist aus einem Kompostierungsunternehmen entstanden, in dem eine der Aktivit\u00e4ten darin bestand, organische Materialien wie z.B. Baumwurzeln in Bio-Filtermedien umzuwandeln. Aufgrund unserer umfangreichen Kenntnisse \u00fcber organische Materialien nahm die Produktion der Biofiltermedien zu und haben wir so immer mehr Erfahrungen mit Bio-Filtration erworben. Das Angebot [&hellip;]\" \/>\n<meta property=\"og:url\" content=\"https:\/\/www.odourbalance.nl\/de\/uber-uns\/\" \/>\n<meta property=\"og:site_name\" content=\"Odour Balance\" \/>\n<meta property=\"article:modified_time\" content=\"2026-01-29T09:07:35+00:00\" \/>\n<meta name=\"twitter:card\" content=\"summary_large_image\" \/>\n<meta name=\"twitter:label1\" content=\"Gesch\u00e4tzte Lesezeit\" \/>\n\t<meta name=\"twitter:data1\" content=\"2\u00a0Minuten\" \/>\n<script type=\"application\/ld+json\" class=\"yoast-schema-graph\">{\"@context\":\"https:\\\/\\\/schema.org\",\"@graph\":[{\"@type\":\"WebPage\",\"@id\":\"https:\\\/\\\/www.odourbalance.nl\\\/de\\\/uber-uns\\\/\",\"url\":\"https:\\\/\\\/www.odourbalance.nl\\\/de\\\/uber-uns\\\/\",\"name\":\"\u00dcber uns - Odour Balance\",\"isPartOf\":{\"@id\":\"https:\\\/\\\/www.odourbalance.nl\\\/#website\"},\"datePublished\":\"2015-12-16T10:14:11+00:00\",\"dateModified\":\"2026-01-29T09:07:35+00:00\",\"breadcrumb\":{\"@id\":\"https:\\\/\\\/www.odourbalance.nl\\\/de\\\/uber-uns\\\/#breadcrumb\"},\"inLanguage\":\"de\",\"potentialAction\":[{\"@type\":\"ReadAction\",\"target\":[\"https:\\\/\\\/www.odourbalance.nl\\\/de\\\/uber-uns\\\/\"]}]},{\"@type\":\"BreadcrumbList\",\"@id\":\"https:\\\/\\\/www.odourbalance.nl\\\/de\\\/uber-uns\\\/#breadcrumb\",\"itemListElement\":[{\"@type\":\"ListItem\",\"position\":1,\"name\":\"Home\",\"item\":\"https:\\\/\\\/www.odourbalance.nl\\\/de\\\/\"},{\"@type\":\"ListItem\",\"position\":2,\"name\":\"\u00dcber uns\"}]},{\"@type\":\"WebSite\",\"@id\":\"https:\\\/\\\/www.odourbalance.nl\\\/#website\",\"url\":\"https:\\\/\\\/www.odourbalance.nl\\\/\",\"name\":\"Odour Balance\",\"description\":\"For natural clean air\",\"potentialAction\":[{\"@type\":\"SearchAction\",\"target\":{\"@type\":\"EntryPoint\",\"urlTemplate\":\"https:\\\/\\\/www.odourbalance.nl\\\/?s={search_term_string}\"},\"query-input\":{\"@type\":\"PropertyValueSpecification\",\"valueRequired\":true,\"valueName\":\"search_term_string\"}}],\"inLanguage\":\"de\"}]}<\/script>\n<!-- \/ Yoast SEO plugin. -->","yoast_head_json":{"title":"\u00dcber uns - Odour Balance","robots":{"index":"index","follow":"follow","max-snippet":"max-snippet:-1","max-image-preview":"max-image-preview:large","max-video-preview":"max-video-preview:-1"},"canonical":"https:\/\/www.odourbalance.nl\/de\/uber-uns\/","og_locale":"de_DE","og_type":"article","og_title":"\u00dcber uns - Odour Balance","og_description":"Unser team Wir stehen f\u00fcr ihr bereit Geschichte Odour Balance ist aus einem Kompostierungsunternehmen entstanden, in dem eine der Aktivit\u00e4ten darin bestand, organische Materialien wie z.B. Baumwurzeln in Bio-Filtermedien umzuwandeln. Aufgrund unserer umfangreichen Kenntnisse \u00fcber organische Materialien nahm die Produktion der Biofiltermedien zu und haben wir so immer mehr Erfahrungen mit Bio-Filtration erworben. Das Angebot [&hellip;]","og_url":"https:\/\/www.odourbalance.nl\/de\/uber-uns\/","og_site_name":"Odour Balance","article_modified_time":"2026-01-29T09:07:35+00:00","twitter_card":"summary_large_image","twitter_misc":{"Gesch\u00e4tzte Lesezeit":"2\u00a0Minuten"},"schema":{"@context":"https:\/\/schema.org","@graph":[{"@type":"WebPage","@id":"https:\/\/www.odourbalance.nl\/de\/uber-uns\/","url":"https:\/\/www.odourbalance.nl\/de\/uber-uns\/","name":"\u00dcber uns - Odour Balance","isPartOf":{"@id":"https:\/\/www.odourbalance.nl\/#website"},"datePublished":"2015-12-16T10:14:11+00:00","dateModified":"2026-01-29T09:07:35+00:00","breadcrumb":{"@id":"https:\/\/www.odourbalance.nl\/de\/uber-uns\/#breadcrumb"},"inLanguage":"de","potentialAction":[{"@type":"ReadAction","target":["https:\/\/www.odourbalance.nl\/de\/uber-uns\/"]}]},{"@type":"BreadcrumbList","@id":"https:\/\/www.odourbalance.nl\/de\/uber-uns\/#breadcrumb","itemListElement":[{"@type":"ListItem","position":1,"name":"Home","item":"https:\/\/www.odourbalance.nl\/de\/"},{"@type":"ListItem","position":2,"name":"\u00dcber uns"}]},{"@type":"WebSite","@id":"https:\/\/www.odourbalance.nl\/#website","url":"https:\/\/www.odourbalance.nl\/","name":"Odour Balance","description":"For natural clean air","potentialAction":[{"@type":"SearchAction","target":{"@type":"EntryPoint","urlTemplate":"https:\/\/www.odourbalance.nl\/?s={search_term_string}"},"query-input":{"@type":"PropertyValueSpecification","valueRequired":true,"valueName":"search_term_string"}}],"inLanguage":"de"}]}},"_links":{"self":[{"href":"https:\/\/www.odourbalance.nl\/de\/wp-json\/wp\/v2\/pages\/990","targetHints":{"allow":["GET"]}}],"collection":[{"href":"https:\/\/www.odourbalance.nl\/de\/wp-json\/wp\/v2\/pages"}],"about":[{"href":"https:\/\/www.odourbalance.nl\/de\/wp-json\/wp\/v2\/types\/page"}],"author":[{"embeddable":true,"href":"https:\/\/www.odourbalance.nl\/de\/wp-json\/wp\/v2\/users\/1"}],"replies":[{"embeddable":true,"href":"https:\/\/www.odourbalance.nl\/de\/wp-json\/wp\/v2\/comments?post=990"}],"version-history":[{"count":9,"href":"https:\/\/www.odourbalance.nl\/de\/wp-json\/wp\/v2\/pages\/990\/revisions"}],"predecessor-version":[{"id":3033,"href":"https:\/\/www.odourbalance.nl\/de\/wp-json\/wp\/v2\/pages\/990\/revisions\/3033"}],"wp:attachment":[{"href":"https:\/\/www.odourbalance.nl\/de\/wp-json\/wp\/v2\/media?parent=990"}],"curies":[{"name":"wp","href":"https:\/\/api.w.org\/{rel}","templated":true}]}}